{"id":465,"date":"2022-04-24T22:08:46","date_gmt":"2022-04-24T22:08:46","guid":{"rendered":"https:\/\/architect.oceanwp.org\/?page_id=465"},"modified":"2026-02-18T16:27:54","modified_gmt":"2026-02-18T16:27:54","slug":"home","status":"publish","type":"page","link":"https:\/\/satoedoenja.nl\/","title":{"rendered":"Home"},"content":{"rendered":"\t\t<div data-elementor-type=\"wp-page\" data-elementor-id=\"465\" class=\"elementor elementor-465\">\n\t\t\t\t\t\t<section class=\"elementor-section elementor-top-section elementor-element elementor-element-67bccc4 elementor-section-height-min-height elementor-section-boxed elementor-section-height-default elementor-section-items-middle\" data-id=\"67bccc4\" data-element_type=\"section\" data-e-type=\"section\" data-settings=\"{&quot;background_background&quot;:&quot;classic&quot;}\">\n\t\t\t\t\t\t\t<div class=\"elementor-background-overlay\"><\/div>\n\t\t\t\t\t\t\t<div class=\"elementor-container elementor-column-gap-default\">\n\t\t\t\t\t<div class=\"elementor-column elementor-col-100 elementor-top-column elementor-element elementor-element-23a601b\" data-id=\"23a601b\" data-element_type=\"column\" data-e-type=\"column\">\n\t\t\t<div class=\"elementor-widget-wrap elementor-element-populated\">\n\t\t\t\t\t\t<div class=\"elementor-element elementor-element-fb64808 elementor-widget-divider--view-line elementor-widget elementor-widget-divider\" data-id=\"fb64808\" data-element_type=\"widget\" data-e-type=\"widget\" data-widget_type=\"divider.default\">\n\t\t\t\t\t\t\t<div class=\"elementor-divider\">\n\t\t\t<span class=\"elementor-divider-separator\">\n\t\t\t\t\t\t<\/span>\n\t\t<\/div>\n\t\t\t\t\t\t<\/div>\n\t\t\t\t<div class=\"elementor-element elementor-element-5c316fb elementor-widget elementor-widget-heading\" data-id=\"5c316fb\" data-element_type=\"widget\" data-e-type=\"widget\" data-widget_type=\"heading.default\">\n\t\t\t\t\t<h1 class=\"elementor-heading-title elementor-size-default\">Satoedoenja<\/h1>\t\t\t\t<\/div>\n\t\t\t\t<div class=\"elementor-element elementor-element-b2ae864 elementor-widget elementor-widget-heading\" data-id=\"b2ae864\" data-element_type=\"widget\" data-e-type=\"widget\" data-widget_type=\"heading.default\">\n\t\t\t\t\t<h2 class=\"elementor-heading-title elementor-size-default\">Advisering over natuurbeleid, natuurwetgeving en het snijvlak van ruimtelijke ordening en milieu<\/h2>\t\t\t\t<\/div>\n\t\t\t\t\t<\/div>\n\t\t<\/div>\n\t\t\t\t\t<\/div>\n\t\t<\/section>\n\t\t\t\t<section class=\"elementor-section elementor-top-section elementor-element elementor-element-8f2a3b1 elementor-section-boxed elementor-section-height-default elementor-section-height-default\" data-id=\"8f2a3b1\" data-element_type=\"section\" data-e-type=\"section\">\n\t\t\t\t\t\t<div class=\"elementor-container elementor-column-gap-default\">\n\t\t\t\t\t<div class=\"elementor-column elementor-col-100 elementor-top-column elementor-element elementor-element-9427d45\" data-id=\"9427d45\" data-element_type=\"column\" data-e-type=\"column\">\n\t\t\t<div class=\"elementor-widget-wrap elementor-element-populated\">\n\t\t\t\t\t\t<div class=\"elementor-element elementor-element-0c377fd elementor-widget elementor-widget-menu-anchor\" data-id=\"0c377fd\" data-element_type=\"widget\" data-e-type=\"widget\" data-widget_type=\"menu-anchor.default\">\n\t\t\t\t\t\t\t<div class=\"elementor-menu-anchor\" id=\"more\"><\/div>\n\t\t\t\t\t\t<\/div>\n\t\t\t\t\t<\/div>\n\t\t<\/div>\n\t\t\t\t\t<\/div>\n\t\t<\/section>\n\t\t<div class=\"elementor-element elementor-element-c096fde e-flex e-con-boxed e-con e-parent\" data-id=\"c096fde\" data-element_type=\"container\" data-e-type=\"container\">\n\t\t\t\t\t<div class=\"e-con-inner\">\n\t\t\t\t<div class=\"elementor-element elementor-element-1926f36 elementor-widget elementor-widget-text-editor\" data-id=\"1926f36\" data-element_type=\"widget\" data-e-type=\"widget\" data-widget_type=\"text-editor.default\">\n\t\t\t\t\t\t\t\t\t<p>Satoedoenja betekent in het Indonesisch \u00e9\u00e9n wereld. Deze naam is gekozen, omdat het feit dat we maar \u00e9\u00e9n planeet hebben ons vaker zou moeten leiden bij onze keuzes.<\/p>\n<p>Voor de fijnproevers: in het Bahasa Indonesia schrijf je satoedoenja als satu dunia.<\/p><p><span style=\"font-family: &quot;Source Serif 4&quot;; font-size: 15px; font-style: normal; font-variant-ligatures: normal; font-variant-caps: normal; font-weight: 400;\">KvK-nummer: 99530066<\/span><br><span style=\"font-family: &quot;Source Serif 4&quot;; font-size: 15px; font-style: normal; font-variant-ligatures: normal; font-variant-caps: normal; font-weight: 400;\">Btw-id: NL005395490B27<br><\/span><a href=\"https:\/\/satoedoenja.nl\/index.php\/privacyverklaring\/\" target=\"_blank\" rel=\"noopener\" style=\"font-size: 15px; background-color: rgb(250, 250, 250);\">Privacyverklaring<\/a><\/p>\t\t\t\t\t\t\t\t<\/div>\n\t\t\t\t\t<\/div>\n\t\t\t\t<\/div>\n\t\t\t\t<\/div>\n\t\t","protected":false},"excerpt":{"rendered":"<p>Satoedoenja Advisering over natuurbeleid, natuurwetgeving en het snijvlak van ruimtelijke ordening en milieu Satoedoenja betekent in het Indonesisch \u00e9\u00e9n wereld. Deze naam is gekozen, omdat het feit dat we maar \u00e9\u00e9n planeet hebben ons vaker zou moeten leiden bij onze keuzes. Voor de fijnproevers: in het Bahasa Indonesia schrijf je satoedoenja als satu dunia. KvK-nummer: [&hellip;]<\/p>\n","protected":false},"author":1,"featured_media":0,"parent":0,"menu_order":0,"comment_status":"closed","ping_status":"closed","template":"","meta":{"ocean_post_layout":"full-screen","ocean_both_sidebars_style":"","ocean_both_sidebars_content_width":0,"ocean_both_sidebars_sidebars_width":0,"ocean_sidebar":"0","ocean_second_sidebar":"0","ocean_disable_margins":"on","ocean_add_body_class":"","ocean_shortcode_before_top_bar":"","ocean_shortcode_after_top_bar":"","ocean_shortcode_before_header":"","ocean_shortcode_after_header":"","ocean_has_shortcode":"","ocean_shortcode_after_title":"","ocean_shortcode_before_footer_widgets":"","ocean_shortcode_after_footer_widgets":"","ocean_shortcode_before_footer_bottom":"","ocean_shortcode_after_footer_bottom":"","ocean_display_top_bar":"default","ocean_display_header":"default","ocean_header_style":"transparent","ocean_center_header_left_menu":"0","ocean_custom_header_template":"0","ocean_custom_logo":0,"ocean_custom_retina_logo":0,"ocean_custom_logo_max_width":0,"ocean_custom_logo_tablet_max_width":0,"ocean_custom_logo_mobile_max_width":0,"ocean_custom_logo_max_height":0,"ocean_custom_logo_tablet_max_height":0,"ocean_custom_logo_mobile_max_height":0,"ocean_header_custom_menu":"0","ocean_menu_typo_font_family":"0","ocean_menu_typo_font_subset":"","ocean_menu_typo_font_size":0,"ocean_menu_typo_font_size_tablet":0,"ocean_menu_typo_font_size_mobile":0,"ocean_menu_typo_font_size_unit":"px","ocean_menu_typo_font_weight":"","ocean_menu_typo_font_weight_tablet":"","ocean_menu_typo_font_weight_mobile":"","ocean_menu_typo_transform":"","ocean_menu_typo_transform_tablet":"","ocean_menu_typo_transform_mobile":"","ocean_menu_typo_line_height":0,"ocean_menu_typo_line_height_tablet":0,"ocean_menu_typo_line_height_mobile":0,"ocean_menu_typo_line_height_unit":"","ocean_menu_typo_spacing":0,"ocean_menu_typo_spacing_tablet":0,"ocean_menu_typo_spacing_mobile":0,"ocean_menu_typo_spacing_unit":"","ocean_menu_link_color":"#ffffff","ocean_menu_link_color_hover":"#6e8fef","ocean_menu_link_color_active":"#ffffff","ocean_menu_link_background":"","ocean_menu_link_hover_background":"","ocean_menu_link_active_background":"","ocean_menu_social_links_bg":"","ocean_menu_social_hover_links_bg":"","ocean_menu_social_links_color":"#ffffff","ocean_menu_social_hover_links_color":"#6e8fef","ocean_disable_title":"on","ocean_disable_heading":"default","ocean_post_title":"","ocean_post_subheading":"","ocean_post_title_style":"","ocean_post_title_background_color":"","ocean_post_title_background":0,"ocean_post_title_bg_image_position":"","ocean_post_title_bg_image_attachment":"","ocean_post_title_bg_image_repeat":"","ocean_post_title_bg_image_size":"","ocean_post_title_height":0,"ocean_post_title_bg_overlay":0.5,"ocean_post_title_bg_overlay_color":"","ocean_disable_breadcrumbs":"off","ocean_breadcrumbs_color":"","ocean_breadcrumbs_separator_color":"","ocean_breadcrumbs_links_color":"","ocean_breadcrumbs_links_hover_color":"","ocean_display_footer_widgets":"default","ocean_display_footer_bottom":"default","ocean_custom_footer_template":"0","footnotes":""},"class_list":["post-465","page","type-page","status-publish","hentry","entry"],"yoast_head":"<!-- This site is optimized with the Yoast SEO plugin v27.5 - https:\/\/yoast.com\/product\/yoast-seo-wordpress\/ -->\n<title>Home - Satoedoenja<\/title>\n<meta name=\"robots\" content=\"index, follow, max-snippet:-1, max-image-preview:large, max-video-preview:-1\" \/>\n<link rel=\"canonical\" href=\"https:\/\/satoedoenja.nl\/\" \/>\n<meta property=\"og:locale\" content=\"nl_NL\" \/>\n<meta property=\"og:type\" content=\"article\" \/>\n<meta property=\"og:title\" content=\"Home - Satoedoenja\" \/>\n<meta property=\"og:description\" content=\"Satoedoenja Advisering over natuurbeleid, natuurwetgeving en het snijvlak van ruimtelijke ordening en milieu Satoedoenja betekent in het Indonesisch \u00e9\u00e9n wereld. Deze naam is gekozen, omdat het feit dat we maar \u00e9\u00e9n planeet hebben ons vaker zou moeten leiden bij onze keuzes. Voor de fijnproevers: in het Bahasa Indonesia schrijf je satoedoenja als satu dunia. KvK-nummer: [&hellip;]\" \/>\n<meta property=\"og:url\" content=\"https:\/\/satoedoenja.nl\/\" \/>\n<meta property=\"og:site_name\" content=\"Satoedoenja\" \/>\n<meta property=\"article:modified_time\" content=\"2026-02-18T16:27:54+00:00\" \/>\n<meta name=\"twitter:card\" content=\"summary_large_image\" \/>\n<meta name=\"twitter:label1\" content=\"Geschatte leestijd\" \/>\n\t<meta name=\"twitter:data1\" content=\"1 minuut\" \/>\n<script type=\"application\/ld+json\" class=\"yoast-schema-graph\">{\"@context\":\"https:\\\/\\\/schema.org\",\"@graph\":[{\"@type\":\"WebPage\",\"@id\":\"https:\\\/\\\/satoedoenja.nl\\\/\",\"url\":\"https:\\\/\\\/satoedoenja.nl\\\/\",\"name\":\"Home - Satoedoenja\",\"isPartOf\":{\"@id\":\"https:\\\/\\\/satoedoenja.nl\\\/#website\"},\"datePublished\":\"2022-04-24T22:08:46+00:00\",\"dateModified\":\"2026-02-18T16:27:54+00:00\",\"breadcrumb\":{\"@id\":\"https:\\\/\\\/satoedoenja.nl\\\/#breadcrumb\"},\"inLanguage\":\"nl-NL\",\"potentialAction\":[{\"@type\":\"ReadAction\",\"target\":[\"https:\\\/\\\/satoedoenja.nl\\\/\"]}]},{\"@type\":\"BreadcrumbList\",\"@id\":\"https:\\\/\\\/satoedoenja.nl\\\/#breadcrumb\",\"itemListElement\":[{\"@type\":\"ListItem\",\"position\":1,\"name\":\"Home\",\"item\":\"https:\\\/\\\/satoedoenja.nl\\\/\"},{\"@type\":\"ListItem\",\"position\":2,\"name\":\"Home\"}]},{\"@type\":\"WebSite\",\"@id\":\"https:\\\/\\\/satoedoenja.nl\\\/#website\",\"url\":\"https:\\\/\\\/satoedoenja.nl\\\/\",\"name\":\"Satoedoenja\",\"description\":\"Voor scherpzinnig natuuradvies\",\"publisher\":{\"@id\":\"https:\\\/\\\/satoedoenja.nl\\\/#organization\"},\"potentialAction\":[{\"@type\":\"SearchAction\",\"target\":{\"@type\":\"EntryPoint\",\"urlTemplate\":\"https:\\\/\\\/satoedoenja.nl\\\/?s={search_term_string}\"},\"query-input\":{\"@type\":\"PropertyValueSpecification\",\"valueRequired\":true,\"valueName\":\"search_term_string\"}}],\"inLanguage\":\"nl-NL\"},{\"@type\":\"Organization\",\"@id\":\"https:\\\/\\\/satoedoenja.nl\\\/#organization\",\"name\":\"Satoedoenja\",\"url\":\"https:\\\/\\\/satoedoenja.nl\\\/\",\"logo\":{\"@type\":\"ImageObject\",\"inLanguage\":\"nl-NL\",\"@id\":\"https:\\\/\\\/satoedoenja.nl\\\/#\\\/schema\\\/logo\\\/image\\\/\",\"url\":\"https:\\\/\\\/satoedoenja.nl\\\/wp-content\\\/uploads\\\/2026\\\/01\\\/satoedoenja_logo.jpeg\",\"contentUrl\":\"https:\\\/\\\/satoedoenja.nl\\\/wp-content\\\/uploads\\\/2026\\\/01\\\/satoedoenja_logo.jpeg\",\"width\":1024,\"height\":1024,\"caption\":\"Satoedoenja\"},\"image\":{\"@id\":\"https:\\\/\\\/satoedoenja.nl\\\/#\\\/schema\\\/logo\\\/image\\\/\"}}]}<\/script>\n<!-- \/ Yoast SEO plugin. -->","yoast_head_json":{"title":"Home - Satoedoenja","robots":{"index":"index","follow":"follow","max-snippet":"max-snippet:-1","max-image-preview":"max-image-preview:large","max-video-preview":"max-video-preview:-1"},"canonical":"https:\/\/satoedoenja.nl\/","og_locale":"nl_NL","og_type":"article","og_title":"Home - Satoedoenja","og_description":"Satoedoenja Advisering over natuurbeleid, natuurwetgeving en het snijvlak van ruimtelijke ordening en milieu Satoedoenja betekent in het Indonesisch \u00e9\u00e9n wereld. Deze naam is gekozen, omdat het feit dat we maar \u00e9\u00e9n planeet hebben ons vaker zou moeten leiden bij onze keuzes. Voor de fijnproevers: in het Bahasa Indonesia schrijf je satoedoenja als satu dunia. KvK-nummer: [&hellip;]","og_url":"https:\/\/satoedoenja.nl\/","og_site_name":"Satoedoenja","article_modified_time":"2026-02-18T16:27:54+00:00","twitter_card":"summary_large_image","twitter_misc":{"Geschatte leestijd":"1 minuut"},"schema":{"@context":"https:\/\/schema.org","@graph":[{"@type":"WebPage","@id":"https:\/\/satoedoenja.nl\/","url":"https:\/\/satoedoenja.nl\/","name":"Home - Satoedoenja","isPartOf":{"@id":"https:\/\/satoedoenja.nl\/#website"},"datePublished":"2022-04-24T22:08:46+00:00","dateModified":"2026-02-18T16:27:54+00:00","breadcrumb":{"@id":"https:\/\/satoedoenja.nl\/#breadcrumb"},"inLanguage":"nl-NL","potentialAction":[{"@type":"ReadAction","target":["https:\/\/satoedoenja.nl\/"]}]},{"@type":"BreadcrumbList","@id":"https:\/\/satoedoenja.nl\/#breadcrumb","itemListElement":[{"@type":"ListItem","position":1,"name":"Home","item":"https:\/\/satoedoenja.nl\/"},{"@type":"ListItem","position":2,"name":"Home"}]},{"@type":"WebSite","@id":"https:\/\/satoedoenja.nl\/#website","url":"https:\/\/satoedoenja.nl\/","name":"Satoedoenja","description":"Voor scherpzinnig natuuradvies","publisher":{"@id":"https:\/\/satoedoenja.nl\/#organization"},"potentialAction":[{"@type":"SearchAction","target":{"@type":"EntryPoint","urlTemplate":"https:\/\/satoedoenja.nl\/?s={search_term_string}"},"query-input":{"@type":"PropertyValueSpecification","valueRequired":true,"valueName":"search_term_string"}}],"inLanguage":"nl-NL"},{"@type":"Organization","@id":"https:\/\/satoedoenja.nl\/#organization","name":"Satoedoenja","url":"https:\/\/satoedoenja.nl\/","logo":{"@type":"ImageObject","inLanguage":"nl-NL","@id":"https:\/\/satoedoenja.nl\/#\/schema\/logo\/image\/","url":"https:\/\/satoedoenja.nl\/wp-content\/uploads\/2026\/01\/satoedoenja_logo.jpeg","contentUrl":"https:\/\/satoedoenja.nl\/wp-content\/uploads\/2026\/01\/satoedoenja_logo.jpeg","width":1024,"height":1024,"caption":"Satoedoenja"},"image":{"@id":"https:\/\/satoedoenja.nl\/#\/schema\/logo\/image\/"}}]}},"_links":{"self":[{"href":"https:\/\/satoedoenja.nl\/index.php\/wp-json\/wp\/v2\/pages\/465","targetHints":{"allow":["GET"]}}],"collection":[{"href":"https:\/\/satoedoenja.nl\/index.php\/wp-json\/wp\/v2\/pages"}],"about":[{"href":"https:\/\/satoedoenja.nl\/index.php\/wp-json\/wp\/v2\/types\/page"}],"author":[{"embeddable":true,"href":"https:\/\/satoedoenja.nl\/index.php\/wp-json\/wp\/v2\/users\/1"}],"replies":[{"embeddable":true,"href":"https:\/\/satoedoenja.nl\/index.php\/wp-json\/wp\/v2\/comments?post=465"}],"version-history":[{"count":18,"href":"https:\/\/satoedoenja.nl\/index.php\/wp-json\/wp\/v2\/pages\/465\/revisions"}],"predecessor-version":[{"id":991,"href":"https:\/\/satoedoenja.nl\/index.php\/wp-json\/wp\/v2\/pages\/465\/revisions\/991"}],"wp:attachment":[{"href":"https:\/\/satoedoenja.nl\/index.php\/wp-json\/wp\/v2\/media?parent=465"}],"curies":[{"name":"wp","href":"https:\/\/api.w.org\/{rel}","templated":true}]}}